{"id":120,"date":"2020-05-04T20:49:00","date_gmt":"2020-05-04T18:49:00","guid":{"rendered":"https:\/\/www.kunigunde.at\/massage\/?page_id=120"},"modified":"2022-08-24T15:37:03","modified_gmt":"2022-08-24T13:37:03","slug":"datenschutzerklaerung","status":"publish","type":"page","link":"https:\/\/www.kunigunde.at\/massage\/?page_id=120","title":{"rendered":"Datenschutzerkl\u00e4rung"},"content":{"rendered":"<p>Diese Webseite und die Verarbeitungst\u00e4tigkeiten werden von Kunigunde Eschbacher, Grie\u00dfgasse 4, 5020 Salzburg, \u00d6sterreich (\u201ewir\u201c bzw. \u201euns\u201c) betrieben. Wir nehmen Ihren Schutz, auch durch den Schutz Ihrer personenbezogenen Daten sehr ernst. Diese Mitteilung beschreibt, wie wir, als datenschutzrechtlich Verantwortlicher, Ihre personenbezogenen Daten<\/p>\n<p>I) in Zusammenhang mit dem Besuch dieser Webseite<br \/>\nII) wenn Sie Kunde von uns sind<br \/>\nIII) wenn Sie Lieferant oder sonstiger Gesch\u00e4ftspartner von uns sind<br \/>\nIV) wenn Sie unsere Gesch\u00e4ftsr\u00e4umlichkeiten besuchen<\/p>\n<p>verarbeiten.<\/p>\n<p>F\u00fcr alle genannten Rollen (I-IV) gelten die gemeinsamen Bestimmungen ab Punkt 6.<\/p>\n<p><strong>Zu I) Besuch dieser Webseite<\/strong><\/p>\n<h4>1.\u00a0Welche personenbezogenen Daten wir sammeln und warum wir sie sammeln.<\/h4>\n<p>a) Automatisiert erhobene Daten:<\/p>\n<ul>\n<li>Das Datum und die Uhrzeit des Aufrufs einer Seite auf unserer Webseite,<\/li>\n<li>Ihre IP-Adresse (zur Auslieferung der Webseite notwendig),<\/li>\n<li>Name und Version Ihres Webbrowsers (z.B. Mozilla Firefox 63.02),<\/li>\n<li>verwendetes Betriebssystem (z.B.: Windows 10),<\/li>\n<li>Browsersprache (z.B.: Deutsch),<\/li>\n<li>innere Aufl\u00f6sung des Browserfensters,<\/li>\n<li>Bildschirmaufl\u00f6sung,<\/li>\n<li>Javascriptaktivierung,<\/li>\n<li>Cookies An \/ Aus,<\/li>\n<li>Farbtiefe,<\/li>\n<li>die Webseite (URL), die Sie vor dem Aufruf dieser Webseite besucht haben,<\/li>\n<li>WIR BENUTZEN KEINE COOKIES (Heureka!)<\/li>\n<\/ul>\n<p>Diese erhobenen Daten erlauben nach der Anonymisierung der IP-Adresse nicht mehr die Identifizierung einer konkreten Person. Wegen des Fehlens der Identit\u00e4tskomponente sind die Daten keine personen bezogenen Daten im Sinne des Art 4 Datenschutz-Grundverordnung mehr.<\/p>\n<p>b) manuell von Ihnen bereit gestellte Informationen:<\/p>\n<ul>\n<li>jene Informationen die Sie selbst durch Ausf\u00fcllen der Formulare auf unserer Webseite zur Verf\u00fcgung stellen.<\/li>\n<\/ul>\n<p>Es besteht keine Verpflichtung, jene Daten um deren Angabe wir Sie auf unserer Webseite bitten tats\u00e4chlich anzugeben. Wenn Sie dies jedoch nicht tun, wird es Ihnen nicht m\u00f6glich sein, alle Funktionen der Webseite zu nutzen.<\/p>\n<h4>2. Zweck der Datenverarbeitung<\/h4>\n<p>Wir werden Ihre personenbezogenen Daten zu folgenden Zwecken verarbeiten:<\/p>\n<ul>\n<li>Um Ihnen diese Webseite zur Verf\u00fcgung zu stellen und um diese Webseite weiter zu verbessern und zu entwickeln.<\/li>\n<li>Um Nutzungsstatistiken erstellen zu k\u00f6nnen.<\/li>\n<li>Um Angriffe auf unserer Webseite erkennen, verhindern und untersuchen zu k\u00f6nnen.<\/li>\n<li>Um auf Ihre Anfragen zu antworten.<\/li>\n<li>Um Ihnen Informationen \u00fcber unsere Produkte und Dienstleistungen zur Verf\u00fcgung zu stellen.<\/li>\n<\/ul>\n<h4>3. Rechtsgrundlagen der Verarbeitung<\/h4>\n<p>Die rechtliche Grundlage f\u00fcr die Verarbeitung Ihrer personenbezogenen Daten ist unser \u00fcberwiegendes berechtigtes Interesse (Artikel 6 Abs. 1 lit. f DSGVO), welches darin besteht, die oben unter Punkt 3 genannten Zwecke zu erreichen.<\/p>\n<h4>4. \u00dcbermittlung Ihrer personenbezogenen Daten<\/h4>\n<p>Zu den oben genannten Zwecken werden wir Ihre personenbezogenen Daten an folgende Empf\u00e4nger \u00fcbermitteln:<\/p>\n<ul>\n<li>Von uns eingesetzte IT Dienstleister (z.B. Hostingbetreiber) in der datenschutzrechtlichen Rolle als Auftragsverarbeiter.<\/li>\n<li>Im Falle einer Straftat bzuw einer Schadenersatz ausl\u00f6senden Tat: an die die Polizei, Beh\u00f6rden, Gerichte, Sachverst\u00e4ndige und Experten sowie Beteiligte am Gerichts-\/Beh\u00f6rdenverfahren.<\/li>\n<\/ul>\n<p>Manche der oben genannten Empf\u00e4nger befinden sich au\u00dferhalb Ihres Landes oder verarbeiteten dort Ihre personenbezogenen Daten. Das Datenschutzniveau in anderen L\u00e4ndern entspricht unter Umst\u00e4nden nicht dem Ihres Landes. Wir \u00fcbermitteln Ihre personenbezogene Daten jedoch nur in L\u00e4nder der EU.<\/p>\n<h4>5. Dauer der Speicherung<\/h4>\n<p>Automatisiert erhobene Daten (1a):<br \/>\nDiese Daten werden nach 48 Stunden anonymisiert und als solche anonymisierten Daten zwei Jahre gespeichert. Eine l\u00e4ngere Speicherung erfolgt nur, soweit dies erforderlich ist, um festgestellte Angriffe auf unserer Webseite zu untersuchen.<\/p>\n<p>Manuell von Ihnen bereit gestellte Informationen (1b):<\/p>\n<p>Wenn sie auf unserer Webseite Formulare ausf\u00fcllen, werden wir Ihre Daten jedenfalls so lange speichern, wie es zur Bearbeitung Ihrer Anfrage notwendig ist. F\u00fcr eventuelle R\u00fcckfragen behalten wir Ihre Daten maximal 12 Monate \u00fcber die letzte erfolgte Kommunkation, es sei denn rechtliche Verpflichtungen stehen einer L\u00f6schung entgegen oder Sie verlangen eine fr\u00fchere L\u00f6schung oder Einschr\u00e4nkung (siehe 6. Ihre Rechte).<\/p>\n<p><strong>Zu I) Datenverarbeitung unserer Kunden<\/strong><\/p>\n<h4>1. Welche Daten wir \u00fcber Sie verarbeiten<\/h4>\n<p>a) Wenn Sie uns einen Auftrag erteilen, verarbeiten wir jedenfalls folgende von Ihnen mitgeteilte Informationen:<\/p>\n<ul>\n<li>Ihren Vor-und Nachnamen und ggf. Ihre Titel<\/li>\n<li>Ihre Emailadresse (wenn mitgeteilt)<\/li>\n<li>Ihre Adresse (wenn mitgeteilt)<\/li>\n<li>Rechnungs- und Zahlungsinformationen (gegebenenfalls: Rechnungsempf\u00e4nger, UID-Nummer, IBAN und Name des Kontos, BIC u.\u00e4.)<\/li>\n<\/ul>\n<p>b) von Ihnen bereit gestellte Informationen<\/p>\n<ul>\n<li>jene Informationen die Sie selbst uns zur Erf\u00fcllung der beauftragten Dienstleistungen \u00fcberlassen.<\/li>\n<li>F\u00fchren wir in Ihrem Auftrag Datenverarbeitungen als Auftragsdatenverarbeiter durch, so richtet sich die Durchf\u00fchrung nach den Bestimmungen der daf\u00fcr abgeschlossenen Auftragsdatenverarbeitungsvereinbarung.<\/li>\n<\/ul>\n<p><strong>Wenn Sie uns die entsprechenden personenbezogenen Daten nicht zur Verf\u00fcgung stellen, k\u00f6nnen wir kein Auftragsverh\u00e4ltnis mit Ihnen eingehen.<\/strong><br \/>\n<strong>Wenn Sie die Zusammenf\u00fchrung Ihrer personenbezogenen Daten aus den genannten Datenquellen nicht w\u00fcnschen, k\u00f6nnen wir unserer gesetzlichen Verpflichtung gem. \u00a7\u00a7 365m-z GewO 1994 nicht nachkommen und d\u00fcrfen kein Vertragsverh\u00e4ltnis mit Ihnen eingehen.<\/strong><\/p>\n<h4>2. Zweck der Datenverarbeitung<\/h4>\n<p>Wir werden Ihre personenbezogenen Daten zu folgenden Zwecken verarbeiten:<\/p>\n<ul>\n<li>Um unsereren gesetzlichen Verpflichtungen nach zu kommen.<\/li>\n<li>Um die beauftragen Dienstleistungen erbingen zu k\u00f6nnen.<\/li>\n<li>Zur Abwicklung der Gesch\u00e4ftsbeziehung (Kommunikation, Rechnungslegung u.\u00e4.)<\/li>\n<\/ul>\n<h4>3. Rechtsgrundlagen der Verarbeitung<\/h4>\n<p>Die rechtlichen Grundlagen f\u00fcr die Verarbeitung Ihrer personenbezogenen Daten sind die Erf\u00fcllung gesetzlicher Anforderungen (Artikel 6 Abs 1 lit c DSGVO) sowie die Erf\u00fcllung der beauftragten Leistungen (Artikel 6 Abs 1 lit b DSGVO).<\/p>\n<h4>4. \u00dcbermittlung Ihrer personenbezogenen Daten<\/h4>\n<p>Zu den oben genannten Zwecken werden wir Ihre personenbezogenen Daten an folgende Empf\u00e4nger \u00fcbermitteln:<\/p>\n<ul>\n<li>Von uns eingesetzte IT Dienstleister (z.B. Hostingbetreiber) in der datenschutzrechtlichen Rolle als Auftragsverarbeiter,<\/li>\n<li>unserer Bank als Verantwortlicher,<\/li>\n<li>von Ihnen beauftragte \u00dcbermittlungen an Partner, Steuerberater, Gerichte usw. als Verantwortliche.<\/li>\n<\/ul>\n<p>Manche der oben genannten Empf\u00e4nger befinden sich au\u00dferhalb Ihres Landes oder verarbeiteten dort Ihre personenbezogenen Daten. Das Datenschutzniveau in anderen L\u00e4ndern entspricht unter Umst\u00e4nden nicht dem Ihres Landes. Wir \u00fcbermitteln Ihre personenbezogene Daten jedoch nur in L\u00e4nder der EU, es sei denn Sie haben anderes beauftragt.<\/p>\n<h4>5. Dauer der Speicherung<\/h4>\n<p>Wir speichern personenbezogene Daten grunds\u00e4tzlich nur so lange, wie der Zweck der Verarbeitung es erfordert oder gesetzliche Verpflichtungen uns dazu verpflichten.<\/p>\n<p>Die wesentlichen Fristen daf\u00fcr sind:<\/p>\n<ul>\n<li>Vertragunterlagen, sowie diesbez\u00fcgliche Kommunikation und Dokumente:<br \/>\n7 Jahre (\u00a7132 BAO)<\/li>\n<li>Unterlagen zur Risikoeinsch\u00e4tzung zur Bek\u00e4mpfung von Geldw\u00e4sche und Terrorismusfinanzierung: 5 Jahre nach Beendigung der Gesch\u00e4ftsbeziehung (\u00a7365m-z GewO)<\/li>\n<li>Auftragsverarbeitungen: so lange Sie uns mit der Verarbeitung beauftragen.<\/li>\n<\/ul>\n<p><strong>Zu III) Datenverarbeitung unserer Lieferanten und Gesch\u00e4ftspartner<\/strong><\/p>\n<h4>1. Welche Daten wir \u00fcber Sie verarbeiten<\/h4>\n<p>a) Wenn wir Ihnen einen Auftrag erteilen oder mit Ihnen zusammen Arbeiten, Sie jedoch kein Kunde sind, verarbeiten wir jedenfalls folgende\u00a0 Informationen:<\/p>\n<ul>\n<li>Ihren Vor-und Nachnamen und ggf. Ihre Titel<\/li>\n<li>Ihre Emailadresse<\/li>\n<li>Ihre Adresse oder den Namen und die Adresse der Firma f\u00fcr die Sie t\u00e4tig sind<\/li>\n<li>Ihre Position in der Firma<\/li>\n<li>Rechnungs- und Zahlungsinformationen (Rechnungsempf\u00e4nger, UID-Nummer, IBAN und Name des Kontos, BIC u.\u00e4.)<\/li>\n<li>Vertragsunterlagen, Dokumente und Kommunikation zum Vertragsverh\u00e4ltnis<\/li>\n<\/ul>\n<p><strong>Wenn Sie uns die entsprechenden personenbezogenen Daten nicht zur Verf\u00fcgung stellen, k\u00f6nnen wir kein Auftragsverh\u00e4ltnis mit Ihnen eingehen.<\/strong><\/p>\n<h4>2. Zweck der Datenverarbeitung<\/h4>\n<p>Wir werden Ihre personenbezogenen Daten zu folgenden Zwecken verarbeiten:<\/p>\n<ul>\n<li>Um unsereren gesetzlichen Verpflichtungen nach zu kommen.<\/li>\n<li>Zur Abwicklung der Gesch\u00e4ftsbeziehung (Kommunikation, Rechnungslegung, Zahlungen u.\u00e4.)<\/li>\n<\/ul>\n<h4>3. Rechtsgrundlagen der Verarbeitung<\/h4>\n<p>Die rechtlichen Grundlagen f\u00fcr die Verarbeitung Ihrer personenbezogenen Daten sind die Erf\u00fcllung gesetzlicher Anforderungen (Artikel 6 Abs 1 lit c DSGVO) sowie die Erf\u00fcllung des Vertrages (Artikel 6 Abs 1 lit b DSGVO).<\/p>\n<h4>4. \u00dcbermittlung Ihrer personenbezogenen Daten<\/h4>\n<p>Zu den oben genannten Zwecken werden wir Ihre personenbezogenen Daten an folgende Empf\u00e4nger \u00fcbermitteln:<\/p>\n<ul>\n<li>Von uns eingesetzte IT Dienstleister (z.B. Hostingbetreiber) in der datenschutzrechtlichen Rolle als Auftragsverarbeiter,<\/li>\n<li>unserer Bank als Verantwortlicher,<\/li>\n<\/ul>\n<p>Manche der oben genannten Empf\u00e4nger befinden sich au\u00dferhalb Ihres Landes oder verarbeiteten dort Ihre personenbezogenen Daten. Das Datenschutzniveau in anderen L\u00e4ndern entspricht unter Umst\u00e4nden nicht dem Ihres Landes. Wir \u00fcbermitteln Ihre personenbezogene Daten jedoch nur in L\u00e4nder der EU.<\/p>\n<h4>5. Dauer der Speicherung<\/h4>\n<p>Wir speichern personenbezogene Daten grunds\u00e4tzlich nur so lange, wie der Zweck der Verarbeitung es erfordert oder gesetzliche Verpflichtungen uns dazu verpflichten.<\/p>\n<p>Die wesentlichen Fristen daf\u00fcr sind:<br \/>\n7 Jahre: steuerechtlich \u00a7132 BAO<br \/>\n7 Jahre: unternehmensrechtlich \u00a7190, 212 UGB<br \/>\n22 Jahre: Grundst\u00fccke \u00a718 Abs 10 UStG<br \/>\n7 Jahre: Umsatzsteuer \u00a718 Abs 2 UStG<br \/>\n5 Jahre: \u00a7 23 Abs. 2 Zollrechts-Durchf\u00fchrungsgesetz<br \/>\n2 Jahre: Gew\u00e4hrleistung (beweglich) nach \u00a7 933 ABGB<br \/>\n3 Jahre: Gew\u00e4hrleistung (unbeweglich) \u00a7 933 ABGB<br \/>\n3 Jahre: Kaufpreisforderung (beweglich) \u00a7 1062 iVm \u00a7 1486 ABGB<br \/>\n30 Jahre: Kaufpreisforderung (unbeweglich) e contrario \u00a7 1486 ABGB<br \/>\n3 Jahre: Forderungen von Miet- und Pachtzinsen nach \u00a7 1486 ABGB<br \/>\n3 Jahre: Werkvertrag nach \u00a7 1486 ABGB<br \/>\n3 Jahre: allgemeiner Schadenersatz \u00a7 1489 ABGB<br \/>\n30 Jahre: Schadenersatz absolut \u00a71489 ABGB<br \/>\n10 Jahre: Haftung nach \u00a713 PHG<br \/>\n6 Monate: Bewerbung: Ersatz wegen diskriminierender Ablehnung<br \/>\n3 Jahre: Arbeitsverh\u00e4ltnis: Entgelt, Vorstellungskosten, Kostenersatz, DHG (grob Fahrl.), diskr. Im AV, Urlaubersatz, usw,.<br \/>\n30 Jahre: Dienstzeugnis \u00a71478 ABGB<br \/>\n5 Jahre: Arbeitsunf\u00e4lle \u00a716 ASCHG<br \/>\n5 Jahre: Arbeitskr\u00e4fte\u00fcberlassung \u00a713 A\u00dcG<br \/>\n2 Jahre: Urlaubsanspruch<br \/>\n5 Jahre: Abfertigungen, Pensionen \u00a76 Abs 2 AVRAG<br \/>\n7 Jahre: Lohn und Abgabenpflicht \u00a7132 BAO<br \/>\n5 Jahre: Sozialversicherungspflicht: \u00a768 ASVG<\/p>\n<p><strong>Zu IV) Datenverarbeitung von Besuchern unserer Gesch\u00e4ftsr\u00e4umlichkeiten<\/strong><\/p>\n<p>Wenn Sie unsere Betriebsr\u00e4umlichkeiten betreten, werden Sie von einer Video\u00fcberwachung erfasst und Bild-, Video- und Tonaufnahmen gemacht.<\/p>\n<h4>1. Welche Daten wir \u00fcber Sie verarbeiten<\/h4>\n<p>a) Dadurch verarbeiten wir folgende Informationen:<\/p>\n<ul>\n<li>Ihre Bilddaten<\/li>\n<li>Ort der Aufzeichnung<\/li>\n<li>Datum und Uhrzeit der Aufzeichnung<\/li>\n<li>Ihre Identit\u00e4t (soweit erkennbar, keine automatisierte Identifikation)<\/li>\n<li>Ihre Rolle z.B. Lieferant, handelnde Person, Zeuge, Beschuldigter<\/li>\n<li>Ger\u00e4usche und Ihre Stimme sowie den Inhalt des Gesp\u00e4ches an der Gegensprechanlage<\/li>\n<li>ggf. die selben Daten von Sie begleitenden Minderj\u00e4hrigen<\/li>\n<\/ul>\n<h4>2. Zweck der Datenverarbeitung<\/h4>\n<p>Wir werden Ihre personenbezogenen Daten zu folgenden Zwecken verarbeiten:<\/p>\n<ul>\n<li>der Kommunkation mit dem Besucher \u00fcber die Gegensprechanlage<\/li>\n<li>des Schutz des Eigentums der Organisation<\/li>\n<li>Schutz der Mitarbeiter<\/li>\n<li>Wahrnehmung von Verkehrssicherungspflichten, Vertragshaftung gegen\u00fcber Kunden etc.<\/li>\n<li>der Verhinderung, Eind\u00e4mmung und Aufkl\u00e4rung strafrechtlich relevanten Verhaltens, mit ausschlie\u00dflicher Auswertung in dem durch den Zweck definierten Anlassfall<\/li>\n<\/ul>\n<h4>3. Rechtsgrundlagen der Verarbeitung<\/h4>\n<p>Die rechtlichen Grundlagen f\u00fcr die Verarbeitung Ihrer personenbezogenen Daten ist unser \u00fcberwiegendes berechtiges Interesse an der Kommunikation mit Besuchern an der Eingangst\u00fcre (Artikel 6 Abs 1 lit f DSGVO), die \u00dcberwachung des dem Hausrecht unterliegenden Bereiches zum Schutz von Personen oder Sachen sowie der Rechtsdurchsetzung (Artikel 12 DSGVO, Artikel 12 Abs 3 Z 1 DSG).<\/p>\n<h4>4. \u00dcbermittlung Ihrer personenbezogenen Daten<\/h4>\n<p>Zu den oben genannten Zwecken werden wir Ihre personenbezogenen Daten an folgende Empf\u00e4nger \u00fcbermitteln:<\/p>\n<ul>\n<li>Von uns eingesetzte IT Dienstleister (z.B. Hostingbetreiber) in der datenschutzrechtlichen Rolle als Auftragsverarbeiter,<\/li>\n<\/ul>\n<p>im Falle einer Straftat oder Schadenersatz begr\u00fcndeten Tat:<\/p>\n<ul>\n<li>der zust\u00e4ndige Beh\u00f6rde oder Gericht zur Beweissicherung und Rechtsdurchsetzung<\/li>\n<li>den Sicherheitsbeh\u00f6rden (gem. SPG)<\/li>\n<li>den Mitarbeiter, Zeugen oder Opfern (im Rahmen von Verfahren zur Durchsetzung von Anspr\u00fcchen)<\/li>\n<li>den Versicherungen (Abwicklung von Versicherungsf\u00e4llen)<\/li>\n<li>den Rechtsanw\u00e4lten zur Rechtsdurchsetzung<\/li>\n<\/ul>\n<p>Manche der oben genannten Empf\u00e4nger befinden sich au\u00dferhalb Ihres Landes oder verarbeiteten dort Ihre personenbezogenen Daten. Das Datenschutzniveau in anderen L\u00e4ndern entspricht unter Umst\u00e4nden nicht dem Ihres Landes. Wir \u00fcbermitteln Ihre personenbezogene Daten jedoch nur in L\u00e4nder der EU.<\/p>\n<h4>5. Dauer der Speicherung<\/h4>\n<p>Wir speichern personenbezogene Daten grunds\u00e4tzlich nur so lange, wie der Zweck der Verarbeitung es erfordert oder gesetzliche Verpflichtungen uns dazu verpflichten.<br \/>\nIn diesem Fall, sind das<\/p>\n<ul>\n<li>gar nicht (Audiodaten der Gegensprechanlage)<\/li>\n<li>72 Stunden (Daten der Video\u00fcberwachung)<\/li>\n<li>im Anlassfall einer Straftat oder Schadenersatz begr\u00fcndenden Tat: w\u00e4hrend der Dauer des Verfahrens.<\/li>\n<\/ul>\n<h2>gemeinsame Bestimmungen<\/h2>\n<h4>6. Ihre Rechte im Zusammenhang mit personenbezogenen Daten<\/h4>\n<p>Sie sind u.a. berichtigt (unter den Voraussetzungen anwendbaren Rechts),<br \/>\na) zu \u00fcberpr\u00fcfen, ob und welche personenbezogenen Daten wir \u00fcber Sie gespeichert haben,<br \/>\nb) Kopien dieser Daten zu erhalten,<br \/>\nc) die Berichtigung, Erg\u00e4nzungen oder das L\u00f6schen Ihrer personenbezogenen Daten, die falsch sind oder in nicht rechtsg\u00fcltiger Form verarbeitet werden, zu verlangen,<br \/>\nd) von uns zu verlangen, die Verarbeitung Ihrer personenbezogenen Daten einzuschr\u00e4nken,<br \/>\ne) unter bestimmten Umst\u00e4nden der Verarbeitung Ihrer personenbezogenen Daten zu widersprechen oder die f\u00fcr das Verarbeiten zuvor gegebene Einwilligung zu widerrufen,<br \/>\nf) Daten-\u00dcbertragbarkeit zu verlangen,<br \/>\ng) die Identit\u00e4t von Dritten, an welche Ihre personenbezogenen Daten \u00fcbermittelt wurden, zu kennen,<br \/>\nh) bei der zust\u00e4ndigen Beh\u00f6rde Beschwerde zu erheben. Diese erreichen Sie unter<\/p>\n<p>\u00d6sterreichische Datenschutzbeh\u00f6rde<br \/>\nBarichgasse 40-42, 1030 Wien<\/p>\n<p>Telefon: +43 1 52 152-0, E-Mail:\u00a0<a href=\"mailto:dsb@dsb.gv.at\">dsb@dsb.gv.at<\/a><\/p>\n<h4>7. Unsere Kontaktdaten<\/h4>\n<p>Sollten Sie zu der Verarbeitung Ihrer personenbezogenen Daten Fragen oder Anliegen haben, wenden Sie sich bitte an uns. Zur Zeit haben wir keinen Datenschutzbeauftragten bestellt, weil dies in unserem Fall gesetzlich nicht vorgeschrieben ist.<\/p>\n<h4>8. Wie wir Ihre Daten sch\u00fctzen<\/h4>\n<p>Wir haben angemessene technisch-organisatorische Ma\u00dfnahmen zum Schutz Ihrer Daten implementiert. Diese Ma\u00dfnahmen entsprechen dem Stand der Technik und werden regelm\u00e4\u00dfig evaluiert.<\/p>\n<h4>9. Cookies<\/h4>\n<p>Diese Seite verwendet als einzigen Cookie einen Sitzungsbezeichner um mehrere zusammengeh\u00f6rige Anfragen eines Benutzers zu erkennen und einer Sitzung zuzuordnen<\/p>\n<p>Weitere Quellen von Cookies:<\/p>\n<p>Eingebettete Inhalte von anderen Websites<br \/>\nBeitr\u00e4ge auf dieser Website k\u00f6nnen eingebettete Inhalte beinhalten (z. B. Bilder, Beitr\u00e4ge, Karten etc.). Eingebettete Inhalte von anderen Websites verhalten sich exakt so, als ob der Besucher die andere Website besucht h\u00e4tte.<\/p>\n<p>Diese Websites k\u00f6nnen Daten \u00fcber dich sammeln, Cookies benutzen, zus\u00e4tzliche Tracking-Dienste von Dritten einbetten und deine Interaktion mit diesem eingebetteten Inhalt aufzeichnen, inklusive deiner Interaktion mit dem eingebetteten Inhalt, falls du ein Konto hast und auf dieser Website angemeldet bist.<\/p>\n","protected":false},"excerpt":{"rendered":"<p>Diese Webseite und die Verarbeitungst\u00e4tigkeiten werden von Kunigunde Eschbacher, Grie\u00dfgasse 4, 5020 Salzburg, \u00d6sterreich (\u201ewir\u201c bzw. \u201euns\u201c) betrieben. Wir nehmen Ihren Schutz, [&hellip;]<\/p>\n","protected":false},"author":1,"featured_media":0,"parent":0,"menu_order":0,"comment_status":"closed","ping_status":"closed","template":"","meta":[],"_links":{"self":[{"href":"https:\/\/www.kunigunde.at\/massage\/index.php?rest_route=\/wp\/v2\/pages\/120"}],"collection":[{"href":"https:\/\/www.kunigunde.at\/massage\/index.php?rest_route=\/wp\/v2\/pages"}],"about":[{"href":"https:\/\/www.kunigunde.at\/massage\/index.php?rest_route=\/wp\/v2\/types\/page"}],"author":[{"embeddable":true,"href":"https:\/\/www.kunigunde.at\/massage\/index.php?rest_route=\/wp\/v2\/users\/1"}],"replies":[{"embeddable":true,"href":"https:\/\/www.kunigunde.at\/massage\/index.php?rest_route=%2Fwp%2Fv2%2Fcomments&post=120"}],"version-history":[{"count":7,"href":"https:\/\/www.kunigunde.at\/massage\/index.php?rest_route=\/wp\/v2\/pages\/120\/revisions"}],"predecessor-version":[{"id":142,"href":"https:\/\/www.kunigunde.at\/massage\/index.php?rest_route=\/wp\/v2\/pages\/120\/revisions\/142"}],"wp:attachment":[{"href":"https:\/\/www.kunigunde.at\/massage\/index.php?rest_route=%2Fwp%2Fv2%2Fmedia&parent=120"}],"curies":[{"name":"wp","href":"https:\/\/api.w.org\/{rel}","templated":true}]}}